{"id":377,"date":"2022-02-16T19:35:11","date_gmt":"2022-02-16T19:35:11","guid":{"rendered":"https:\/\/martinsbikeschule.com\/?page_id=377"},"modified":"2025-03-30T20:01:20","modified_gmt":"2025-03-30T20:01:20","slug":"fahrsicherheitstraining","status":"publish","type":"page","link":"https:\/\/martinsbikeschule.com\/en\/bikekurse\/fahrsicherheitstraining\/","title":{"rendered":"Fahrsicherheitstraining"},"content":{"rendered":"<div data-elementor-type=\"wp-page\" data-elementor-id=\"377\" class=\"elementor elementor-377\" data-elementor-post-type=\"page\">\n\t\t\t\t\t\t<section class=\"elementor-section elementor-top-section elementor-element elementor-element-e480d22 elementor-section-boxed elementor-section-height-default elementor-section-height-default\" data-id=\"e480d22\" data-element_type=\"section\" data-e-type=\"section\" data-settings=\"{&quot;background_background&quot;:&quot;classic&quot;}\">\n\t\t\t\t\t\t<div class=\"elementor-container elementor-column-gap-default\">\n\t\t\t\t\t<div class=\"elementor-column elementor-col-50 elementor-top-column elementor-element elementor-element-88a475f\" data-id=\"88a475f\" data-element_type=\"column\" data-e-type=\"column\">\n\t\t\t<div class=\"elementor-widget-wrap elementor-element-populated\">\n\t\t\t\t\t\t<div class=\"elementor-element elementor-element-16c7baf elementor-widget elementor-widget-heading\" data-id=\"16c7baf\" data-element_type=\"widget\" data-e-type=\"widget\" data-widget_type=\"heading.default\">\n\t\t\t\t<div class=\"elementor-widget-container\">\n\t\t\t\t\t<h1 class=\"elementor-heading-title elementor-size-default\">Fahrsicherheitstraining <br>f\u00fcr E-Bikes<\/h1>\t\t\t\t<\/div>\n\t\t\t\t<\/div>\n\t\t\t\t<div class=\"elementor-element elementor-element-f44e52f elementor-widget elementor-widget-text-editor\" data-id=\"f44e52f\" data-element_type=\"widget\" data-e-type=\"widget\" data-widget_type=\"text-editor.default\">\n\t\t\t\t<div class=\"elementor-widget-container\">\n\t\t\t\t\t\t\t\t\t<p>Wof\u00fcr ein Fahrsicherheitstraining mit dem E-Bike absolvieren? Vielleicht m\u00f6chtest bzw. hast du dir ein neues E-Bike gekauft, mit dem du entspannt, mit richtig viel Spa\u00df und vor allem verletzungsfrei auf Schotter-, Wald,- und Wiesenwege unterwegs sein m\u00f6chtest? Sicher zur Arbeit und wieder nach Hause kommen? Oder durchs Dorf um einen kleinen Einkauf zu erledigen? <\/p>\t\t\t\t\t\t\t\t<\/div>\n\t\t\t\t<\/div>\n\t\t\t\t\t<\/div>\n\t\t<\/div>\n\t\t\t\t<div class=\"elementor-column elementor-col-50 elementor-top-column elementor-element elementor-element-8e9c67c\" data-id=\"8e9c67c\" data-element_type=\"column\" data-e-type=\"column\">\n\t\t\t<div class=\"elementor-widget-wrap elementor-element-populated\">\n\t\t\t\t\t\t<div class=\"elementor-element elementor-element-4c44b66 animated-fast elementor-invisible elementor-widget elementor-widget-image\" data-id=\"4c44b66\" data-element_type=\"widget\" data-e-type=\"widget\" data-settings=\"{&quot;_animation&quot;:&quot;fadeInRight&quot;}\" data-widget_type=\"image.default\">\n\t\t\t\t<div class=\"elementor-widget-container\">\n\t\t\t\t\t\t\t\t\t\t\t\t\t\t\t<img fetchpriority=\"high\" decoding=\"async\" width=\"768\" height=\"584\" src=\"https:\/\/martinsbikeschule.com\/wp-content\/uploads\/2022\/03\/AdobeStock_270861232-1-768x584.jpg\" class=\"elementor-animation-bob attachment-medium_large size-medium_large wp-image-1100\" alt=\"\" srcset=\"https:\/\/martinsbikeschule.com\/wp-content\/uploads\/2022\/03\/AdobeStock_270861232-1-768x584.jpg 768w, https:\/\/martinsbikeschule.com\/wp-content\/uploads\/2022\/03\/AdobeStock_270861232-1-300x228.jpg 300w, https:\/\/martinsbikeschule.com\/wp-content\/uploads\/2022\/03\/AdobeStock_270861232-1-1024x778.jpg 1024w, https:\/\/martinsbikeschule.com\/wp-content\/uploads\/2022\/03\/AdobeStock_270861232-1.jpg 1421w\" sizes=\"(max-width: 768px) 100vw, 768px\" \/>\t\t\t\t\t\t\t\t\t\t\t\t\t\t\t<\/div>\n\t\t\t\t<\/div>\n\t\t\t\t\t<\/div>\n\t\t<\/div>\n\t\t\t\t\t<\/div>\n\t\t<\/section>\n\t\t\t\t<section class=\"elementor-section elementor-top-section elementor-element elementor-element-1cd25eb elementor-section-height-min-height elementor-section-boxed elementor-section-height-default elementor-section-items-middle\" data-id=\"1cd25eb\" data-element_type=\"section\" data-e-type=\"section\">\n\t\t\t\t\t\t<div class=\"elementor-container elementor-column-gap-default\">\n\t\t\t\t\t<div class=\"elementor-column elementor-col-50 elementor-top-column elementor-element elementor-element-09f2d51\" data-id=\"09f2d51\" data-element_type=\"column\" data-e-type=\"column\">\n\t\t\t<div class=\"elementor-widget-wrap elementor-element-populated\">\n\t\t\t\t\t\t<div class=\"elementor-element elementor-element-31af93a elementor-invisible elementor-widget elementor-widget-image\" data-id=\"31af93a\" data-element_type=\"widget\" data-e-type=\"widget\" data-settings=\"{&quot;_animation&quot;:&quot;fadeInLeft&quot;}\" data-widget_type=\"image.default\">\n\t\t\t\t<div class=\"elementor-widget-container\">\n\t\t\t\t\t\t\t\t\t\t\t\t\t\t\t<img decoding=\"async\" width=\"1024\" height=\"854\" src=\"https:\/\/martinsbikeschule.com\/wp-content\/uploads\/2022\/03\/AdobeStock_271672017-1-1024x854.jpg\" class=\"elementor-animation-bob attachment-large size-large wp-image-1103\" alt=\"\" srcset=\"https:\/\/martinsbikeschule.com\/wp-content\/uploads\/2022\/03\/AdobeStock_271672017-1-1024x854.jpg 1024w, https:\/\/martinsbikeschule.com\/wp-content\/uploads\/2022\/03\/AdobeStock_271672017-1-300x250.jpg 300w, https:\/\/martinsbikeschule.com\/wp-content\/uploads\/2022\/03\/AdobeStock_271672017-1-768x641.jpg 768w, https:\/\/martinsbikeschule.com\/wp-content\/uploads\/2022\/03\/AdobeStock_271672017-1-1536x1282.jpg 1536w, https:\/\/martinsbikeschule.com\/wp-content\/uploads\/2022\/03\/AdobeStock_271672017-1.jpg 1690w\" sizes=\"(max-width: 1024px) 100vw, 1024px\" \/>\t\t\t\t\t\t\t\t\t\t\t\t\t\t\t<\/div>\n\t\t\t\t<\/div>\n\t\t\t\t\t<\/div>\n\t\t<\/div>\n\t\t\t\t<div class=\"elementor-column elementor-col-50 elementor-top-column elementor-element elementor-element-35cbf14\" data-id=\"35cbf14\" data-element_type=\"column\" data-e-type=\"column\">\n\t\t\t<div class=\"elementor-widget-wrap elementor-element-populated\">\n\t\t\t\t\t\t<div class=\"elementor-element elementor-element-626d7a7 elementor-widget elementor-widget-heading\" data-id=\"626d7a7\" data-element_type=\"widget\" data-e-type=\"widget\" data-widget_type=\"heading.default\">\n\t\t\t\t<div class=\"elementor-widget-container\">\n\t\t\t\t\t<h2 class=\"elementor-heading-title elementor-size-default\">Was wird ge\u00fcbt?<\/h2>\t\t\t\t<\/div>\n\t\t\t\t<\/div>\n\t\t\t\t<div class=\"elementor-element elementor-element-ff2a013 elementor-widget elementor-widget-text-editor\" data-id=\"ff2a013\" data-element_type=\"widget\" data-e-type=\"widget\" data-widget_type=\"text-editor.default\">\n\t\t\t\t<div class=\"elementor-widget-container\">\n\t\t\t\t\t\t\t\t\t<ul>\n<li>Bike Setup-Sitzposition und D\u00e4mpfung<\/li>\n<li>Grundposition (der Sitz) &amp; richtige Blickf\u00fchrung<\/li>\n<li>Balance<\/li>\n<li>Richtiges Auf- und Absteigen<\/li>\n<li>Anfahren am Berg<\/li>\n<li>Bremstechniken- sicher und verschlei\u00dfarm<\/li>\n<li>Schalttechnik f\u00fcr sauberen Gangwechsel<\/li>\n<li>Kurventechnik- gro\u00dfe und kleine Radien <\/li>\n<\/ul>\t\t\t\t\t\t\t\t<\/div>\n\t\t\t\t<\/div>\n\t\t\t\t\t<\/div>\n\t\t<\/div>\n\t\t\t\t\t<\/div>\n\t\t<\/section>\n\t\t\t\t<section class=\"elementor-section elementor-top-section elementor-element elementor-element-eb4dfc1 elementor-section-height-min-height elementor-section-items-top elementor-section-boxed elementor-section-height-default\" data-id=\"eb4dfc1\" data-element_type=\"section\" data-e-type=\"section\" data-settings=\"{&quot;background_background&quot;:&quot;classic&quot;}\">\n\t\t\t\t\t\t<div class=\"elementor-container elementor-column-gap-default\">\n\t\t\t\t\t<div class=\"elementor-column elementor-col-100 elementor-top-column elementor-element elementor-element-ff09bfc\" data-id=\"ff09bfc\" data-element_type=\"column\" data-e-type=\"column\">\n\t\t\t<div class=\"elementor-widget-wrap elementor-element-populated\">\n\t\t\t\t\t\t<div class=\"elementor-element elementor-element-5560ba8 elementor-widget elementor-widget-heading\" data-id=\"5560ba8\" data-element_type=\"widget\" data-e-type=\"widget\" data-widget_type=\"heading.default\">\n\t\t\t\t<div class=\"elementor-widget-container\">\n\t\t\t\t\t<h2 class=\"elementor-heading-title elementor-size-default\"><b>Preise Fahrsicherheitstrainings: <\/b>(Kurse pauschal max. 8 Personen)<\/h2>\t\t\t\t<\/div>\n\t\t\t\t<\/div>\n\t\t\t\t<div class=\"elementor-element elementor-element-5603fdf elementor-widget elementor-widget-text-editor\" data-id=\"5603fdf\" data-element_type=\"widget\" data-e-type=\"widget\" data-widget_type=\"text-editor.default\">\n\t\t\t\t<div class=\"elementor-widget-container\">\n\t\t\t\t\t\t\t\t\t<ul><li><span style=\"vertical-align: inherit;\"><span style=\"vertical-align: inherit;\">\u00a0ca. <\/span><span style=\"vertical-align: inherit;\">3 Stunden <strong>90<\/strong><\/span><\/span><strong><span style=\"vertical-align: inherit;\"><span style=\"vertical-align: inherit;\"> \u20ac<\/span><\/span><\/strong><\/li><\/ul>\t\t\t\t\t\t\t\t<\/div>\n\t\t\t\t<\/div>\n\t\t\t\t<div class=\"elementor-element elementor-element-09efd01 elementor-widget elementor-widget-button\" data-id=\"09efd01\" data-element_type=\"widget\" data-e-type=\"widget\" data-widget_type=\"button.default\">\n\t\t\t\t<div class=\"elementor-widget-container\">\n\t\t\t\t\t\t\t\t\t<div class=\"elementor-button-wrapper\">\n\t\t\t\t\t<a class=\"elementor-button elementor-button-link elementor-size-sm elementor-animation-shrink\" href=\"https:\/\/martinsbikeschule.com\/en\/?page_id=253\">\n\t\t\t\t\t\t<span class=\"elementor-button-content-wrapper\">\n\t\t\t\t\t\t<span class=\"elementor-button-icon\">\n\t\t\t\t<i aria-hidden=\"true\" class=\"fas fa-angle-right\"><\/i>\t\t\t<\/span>\n\t\t\t\t\t\t\t\t\t<span class=\"elementor-button-text\">Anfrage stellen<\/span>\n\t\t\t\t\t<\/span>\n\t\t\t\t\t<\/a>\n\t\t\t\t<\/div>\n\t\t\t\t\t\t\t\t<\/div>\n\t\t\t\t<\/div>\n\t\t\t\t\t<\/div>\n\t\t<\/div>\n\t\t\t\t\t<\/div>\n\t\t<\/section>\n\t\t\t\t<\/div>","protected":false},"excerpt":{"rendered":"<p>Fahrsicherheitstraining f\u00fcr E-Bikes Wof\u00fcr ein Fahrsicherheitstraining mit dem E-Bike absolvieren? Vielleicht m\u00f6chtest bzw. hast du dir ein neues E-Bike gekauft, mit dem du entspannt, mit richtig viel Spa\u00df und vor [&hellip;]<\/p>\n","protected":false},"author":1,"featured_media":0,"parent":33,"menu_order":0,"comment_status":"closed","ping_status":"closed","template":"","meta":{"_monsterinsights_skip_tracking":false,"_monsterinsights_sitenote_active":false,"_monsterinsights_sitenote_note":"","_monsterinsights_sitenote_category":0,"site-sidebar-layout":"no-sidebar","site-content-layout":"page-builder","ast-site-content-layout":"default","site-content-style":"default","site-sidebar-style":"default","ast-global-header-display":"","ast-banner-title-visibility":"","ast-main-header-display":"","ast-hfb-above-header-display":"","ast-hfb-below-header-display":"","ast-hfb-mobile-header-display":"","site-post-title":"disabled","ast-breadcrumbs-content":"","ast-featured-img":"disabled","footer-sml-layout":"","ast-disable-related-posts":"","theme-transparent-header-meta":"default","adv-header-id-meta":"","stick-header-meta":"","header-above-stick-meta":"","header-main-stick-meta":"","header-below-stick-meta":"","astra-migrate-meta-layouts":"default","ast-page-background-enabled":"default","ast-page-background-meta":{"desktop":{"background-color":"var(--ast-global-color-4)","background-image":"","background-repeat":"repeat","background-position":"center center","background-size":"auto","background-attachment":"scroll","background-type":"","background-media":"","overlay-type":"","overlay-color":"","overlay-opacity":"","overlay-gradient":""},"tablet":{"background-color":"","background-image":"","background-repeat":"repeat","background-position":"center center","background-size":"auto","background-attachment":"scroll","background-type":"","background-media":"","overlay-type":"","overlay-color":"","overlay-opacity":"","overlay-gradient":""},"mobile":{"background-color":"","background-image":"","background-repeat":"repeat","background-position":"center center","background-size":"auto","background-attachment":"scroll","background-type":"","background-media":"","overlay-type":"","overlay-color":"","overlay-opacity":"","overlay-gradient":""}},"ast-content-background-meta":{"desktop":{"background-color":"var(--ast-global-color-5)","background-image":"","background-repeat":"repeat","background-position":"center center","background-size":"auto","background-attachment":"scroll","background-type":"","background-media":"","overlay-type":"","overlay-color":"","overlay-opacity":"","overlay-gradient":""},"tablet":{"background-color":"var(--ast-global-color-5)","background-image":"","background-repeat":"repeat","background-position":"center center","background-size":"auto","background-attachment":"scroll","background-type":"","background-media":"","overlay-type":"","overlay-color":"","overlay-opacity":"","overlay-gradient":""},"mobile":{"background-color":"var(--ast-global-color-5)","background-image":"","background-repeat":"repeat","background-position":"center center","background-size":"auto","background-attachment":"scroll","background-type":"","background-media":"","overlay-type":"","overlay-color":"","overlay-opacity":"","overlay-gradient":""}},"_price":"","_stock":"","_tribe_ticket_header":"","_tribe_default_ticket_provider":"","_tribe_ticket_capacity":"0","_ticket_start_date":"","_ticket_end_date":"","_tribe_ticket_show_description":"","_tribe_ticket_show_not_going":false,"_tribe_ticket_use_global_stock":"","_tribe_ticket_global_stock_level":"","_global_stock_mode":"","_global_stock_cap":"","_tribe_rsvp_for_event":"","_tribe_ticket_going_count":"","_tribe_ticket_not_going_count":"","_tribe_tickets_list":"[]","_tribe_ticket_has_attendee_info_fields":false,"footnotes":"","_tec_slr_enabled":"","_tec_slr_layout":""},"class_list":["post-377","page","type-page","status-publish","hentry"],"ticketed":false,"_links":{"self":[{"href":"https:\/\/martinsbikeschule.com\/en\/wp-json\/wp\/v2\/pages\/377","targetHints":{"allow":["GET"]}}],"collection":[{"href":"https:\/\/martinsbikeschule.com\/en\/wp-json\/wp\/v2\/pages"}],"about":[{"href":"https:\/\/martinsbikeschule.com\/en\/wp-json\/wp\/v2\/types\/page"}],"author":[{"embeddable":true,"href":"https:\/\/martinsbikeschule.com\/en\/wp-json\/wp\/v2\/users\/1"}],"replies":[{"embeddable":true,"href":"https:\/\/martinsbikeschule.com\/en\/wp-json\/wp\/v2\/comments?post=377"}],"version-history":[{"count":66,"href":"https:\/\/martinsbikeschule.com\/en\/wp-json\/wp\/v2\/pages\/377\/revisions"}],"predecessor-version":[{"id":1630,"href":"https:\/\/martinsbikeschule.com\/en\/wp-json\/wp\/v2\/pages\/377\/revisions\/1630"}],"up":[{"embeddable":true,"href":"https:\/\/martinsbikeschule.com\/en\/wp-json\/wp\/v2\/pages\/33"}],"wp:attachment":[{"href":"https:\/\/martinsbikeschule.com\/en\/wp-json\/wp\/v2\/media?parent=377"}],"curies":[{"name":"wp","href":"https:\/\/api.w.org\/{rel}","templated":true}]}}