{"id":380,"date":"2022-02-16T19:35:52","date_gmt":"2022-02-16T19:35:52","guid":{"rendered":"https:\/\/martinsbikeschule.com\/?page_id=380"},"modified":"2022-03-31T18:41:34","modified_gmt":"2022-03-31T18:41:34","slug":"notfallmanagement","status":"publish","type":"page","link":"https:\/\/martinsbikeschule.com\/en\/bikekurse\/notfallmanagement\/","title":{"rendered":"Notfallmanagement"},"content":{"rendered":"<div data-elementor-type=\"wp-page\" data-elementor-id=\"380\" class=\"elementor elementor-380\" data-elementor-post-type=\"page\">\n\t\t\t\t\t\t<section class=\"elementor-section elementor-top-section elementor-element elementor-element-5c1a08c elementor-section-boxed elementor-section-height-default elementor-section-height-default\" data-id=\"5c1a08c\" data-element_type=\"section\" data-e-type=\"section\" data-settings=\"{&quot;background_background&quot;:&quot;classic&quot;}\">\n\t\t\t\t\t\t<div class=\"elementor-container elementor-column-gap-default\">\n\t\t\t\t\t<div class=\"elementor-column elementor-col-50 elementor-top-column elementor-element elementor-element-95a8451\" data-id=\"95a8451\" data-element_type=\"column\" data-e-type=\"column\">\n\t\t\t<div class=\"elementor-widget-wrap elementor-element-populated\">\n\t\t\t\t\t\t<div class=\"elementor-element elementor-element-e9ef4a4 elementor-widget elementor-widget-heading\" data-id=\"e9ef4a4\" data-element_type=\"widget\" data-e-type=\"widget\" data-widget_type=\"heading.default\">\n\t\t\t\t<div class=\"elementor-widget-container\">\n\t\t\t\t\t<h1 class=\"elementor-heading-title elementor-size-default\">Notfallmanagement<\/h1>\t\t\t\t<\/div>\n\t\t\t\t<\/div>\n\t\t\t\t<div class=\"elementor-element elementor-element-fbeadd0 elementor-widget elementor-widget-text-editor\" data-id=\"fbeadd0\" data-element_type=\"widget\" data-e-type=\"widget\" data-widget_type=\"text-editor.default\">\n\t\t\t\t<div class=\"elementor-widget-container\">\n\t\t\t\t\t\t\t\t\t<p>Im Mittelpunkt dieses Kurses stehen Erste Hilfe Ma\u00dfnahmen f\u00fcr g\u00e4ngige Verletzungen beim Mountainbiken jeglicher Form. Egal, ob Du dabei gem\u00fctlich auf Asphalt und Forstwegen, auf steilen und anstrengenden Bergpfaden unterwegs bist oder deine Freizeit beim &#8222;Downhillen&#8220; oder in Bikeparks verbringst.<\/p><p>Der Kurs findet nicht im Lehrsaal oder auf ebenen Boden statt, sondern im Gel\u00e4nde, wo wir auf einer gemeinsamen Tour auf Forstwegen, Wurzelpassagen, Bergpfaden, Trails und Schiebepassagen unterwegs sein werden, um Gefahren fr\u00fchzeitig zu erkennen und zu meiden!<\/p>\t\t\t\t\t\t\t\t<\/div>\n\t\t\t\t<\/div>\n\t\t\t\t\t<\/div>\n\t\t<\/div>\n\t\t\t\t<div class=\"elementor-column elementor-col-50 elementor-top-column elementor-element elementor-element-1180560\" data-id=\"1180560\" data-element_type=\"column\" data-e-type=\"column\">\n\t\t\t<div class=\"elementor-widget-wrap elementor-element-populated\">\n\t\t\t\t\t\t<div class=\"elementor-element elementor-element-a78f9e9 animated-fast elementor-invisible elementor-widget elementor-widget-image\" data-id=\"a78f9e9\" data-element_type=\"widget\" data-e-type=\"widget\" data-settings=\"{&quot;_animation&quot;:&quot;fadeInRight&quot;}\" data-widget_type=\"image.default\">\n\t\t\t\t<div class=\"elementor-widget-container\">\n\t\t\t\t\t\t\t\t\t\t\t\t\t\t\t<img fetchpriority=\"high\" decoding=\"async\" width=\"768\" height=\"625\" src=\"https:\/\/martinsbikeschule.com\/wp-content\/uploads\/2022\/03\/AdobeStock_217103884-768x625.jpg\" class=\"elementor-animation-bob attachment-medium_large size-medium_large wp-image-1110\" alt=\"\" srcset=\"https:\/\/martinsbikeschule.com\/wp-content\/uploads\/2022\/03\/AdobeStock_217103884-768x625.jpg 768w, https:\/\/martinsbikeschule.com\/wp-content\/uploads\/2022\/03\/AdobeStock_217103884-300x244.jpg 300w, https:\/\/martinsbikeschule.com\/wp-content\/uploads\/2022\/03\/AdobeStock_217103884-1024x834.jpg 1024w, https:\/\/martinsbikeschule.com\/wp-content\/uploads\/2022\/03\/AdobeStock_217103884.jpg 1474w\" sizes=\"(max-width: 768px) 100vw, 768px\" \/>\t\t\t\t\t\t\t\t\t\t\t\t\t\t\t<\/div>\n\t\t\t\t<\/div>\n\t\t\t\t\t<\/div>\n\t\t<\/div>\n\t\t\t\t\t<\/div>\n\t\t<\/section>\n\t\t\t\t<section class=\"elementor-section elementor-top-section elementor-element elementor-element-343953c elementor-section-height-min-height elementor-section-items-top elementor-section-boxed elementor-section-height-default\" data-id=\"343953c\" data-element_type=\"section\" data-e-type=\"section\">\n\t\t\t\t\t\t<div class=\"elementor-container elementor-column-gap-default\">\n\t\t\t\t\t<div class=\"elementor-column elementor-col-50 elementor-top-column elementor-element elementor-element-bb42a6c\" data-id=\"bb42a6c\" data-element_type=\"column\" data-e-type=\"column\">\n\t\t\t<div class=\"elementor-widget-wrap elementor-element-populated\">\n\t\t\t\t\t\t<div class=\"elementor-element elementor-element-45f6939 animated-fast elementor-invisible elementor-widget elementor-widget-image\" data-id=\"45f6939\" data-element_type=\"widget\" data-e-type=\"widget\" data-settings=\"{&quot;_animation&quot;:&quot;fadeInLeft&quot;}\" data-widget_type=\"image.default\">\n\t\t\t\t<div class=\"elementor-widget-container\">\n\t\t\t\t\t\t\t\t\t\t\t\t\t\t\t<img decoding=\"async\" width=\"1024\" height=\"826\" src=\"https:\/\/martinsbikeschule.com\/wp-content\/uploads\/2022\/03\/AdobeStock_271646972-1024x826.jpg\" class=\"elementor-animation-bob attachment-large size-large wp-image-1111\" alt=\"\" srcset=\"https:\/\/martinsbikeschule.com\/wp-content\/uploads\/2022\/03\/AdobeStock_271646972-1024x826.jpg 1024w, https:\/\/martinsbikeschule.com\/wp-content\/uploads\/2022\/03\/AdobeStock_271646972-300x242.jpg 300w, https:\/\/martinsbikeschule.com\/wp-content\/uploads\/2022\/03\/AdobeStock_271646972-768x620.jpg 768w, https:\/\/martinsbikeschule.com\/wp-content\/uploads\/2022\/03\/AdobeStock_271646972.jpg 1361w\" sizes=\"(max-width: 1024px) 100vw, 1024px\" \/>\t\t\t\t\t\t\t\t\t\t\t\t\t\t\t<\/div>\n\t\t\t\t<\/div>\n\t\t\t\t\t<\/div>\n\t\t<\/div>\n\t\t\t\t<div class=\"elementor-column elementor-col-50 elementor-top-column elementor-element elementor-element-2603fbb\" data-id=\"2603fbb\" data-element_type=\"column\" data-e-type=\"column\">\n\t\t\t<div class=\"elementor-widget-wrap elementor-element-populated\">\n\t\t\t\t\t\t<div class=\"elementor-element elementor-element-89ef43d elementor-widget elementor-widget-heading\" data-id=\"89ef43d\" data-element_type=\"widget\" data-e-type=\"widget\" data-widget_type=\"heading.default\">\n\t\t\t\t<div class=\"elementor-widget-container\">\n\t\t\t\t\t<h2 class=\"elementor-heading-title elementor-size-default\">Was wird ge\u00fcbt?<\/h2>\t\t\t\t<\/div>\n\t\t\t\t<\/div>\n\t\t\t\t<div class=\"elementor-element elementor-element-b1c0803 elementor-widget elementor-widget-text-editor\" data-id=\"b1c0803\" data-element_type=\"widget\" data-e-type=\"widget\" data-widget_type=\"text-editor.default\">\n\t\t\t\t<div class=\"elementor-widget-container\">\n\t\t\t\t\t\t\t\t\t<ul>\n<li><span style=\"white-space: pre-wrap;\">Einsch\u00e4tzung der Lage (bei einem Unfall) <\/span><\/li>\n<li><span style=\"white-space: pre-wrap;\">ABCDE Schema<br>(= eine Strategie zur Untersuchung und Versorgung kritisch kranker oder verletzter Patienten auf der Basis einer Priorit\u00e4tenliste)<\/span><\/li>\n<li><span style=\"white-space: pre-wrap;\">Reanimation<\/span><\/li>\n<li><span style=\"white-space: pre-wrap;\">Verb\u00e4nde<\/span><\/li>\n<li><span style=\"white-space: pre-wrap;\">Die richtige Abwicklung vom Unfall bis zum Krankenhaus (Welche Angaben bei einem Notruf)<\/span><\/li>\n<\/ul>\t\t\t\t\t\t\t\t<\/div>\n\t\t\t\t<\/div>\n\t\t\t\t\t<\/div>\n\t\t<\/div>\n\t\t\t\t\t<\/div>\n\t\t<\/section>\n\t\t\t\t<section class=\"elementor-section elementor-top-section elementor-element elementor-element-df5c89f elementor-section-height-min-height elementor-section-items-top elementor-section-boxed elementor-section-height-default\" data-id=\"df5c89f\" data-element_type=\"section\" data-e-type=\"section\" data-settings=\"{&quot;background_background&quot;:&quot;classic&quot;}\">\n\t\t\t\t\t\t<div class=\"elementor-container elementor-column-gap-default\">\n\t\t\t\t\t<div class=\"elementor-column elementor-col-100 elementor-top-column elementor-element elementor-element-364ebd7\" data-id=\"364ebd7\" data-element_type=\"column\" data-e-type=\"column\">\n\t\t\t<div class=\"elementor-widget-wrap elementor-element-populated\">\n\t\t\t\t\t\t<div class=\"elementor-element elementor-element-e2df221 elementor-widget elementor-widget-heading\" data-id=\"e2df221\" data-element_type=\"widget\" data-e-type=\"widget\" data-widget_type=\"heading.default\">\n\t\t\t\t<div class=\"elementor-widget-container\">\n\t\t\t\t\t<h2 class=\"elementor-heading-title elementor-size-default\"><b>Preise Notfallmanagement: <\/b>(Kurse pauschal max. 8 Personen)<\/h2>\t\t\t\t<\/div>\n\t\t\t\t<\/div>\n\t\t\t\t<div class=\"elementor-element elementor-element-295593f elementor-widget elementor-widget-text-editor\" data-id=\"295593f\" data-element_type=\"widget\" data-e-type=\"widget\" data-widget_type=\"text-editor.default\">\n\t\t\t\t<div class=\"elementor-widget-container\">\n\t\t\t\t\t\t\t\t\t<ul>\n<li>ca. 6 Std <b>\u20ac100<\/b><\/li>\n<\/ul>\t\t\t\t\t\t\t\t<\/div>\n\t\t\t\t<\/div>\n\t\t\t\t<div class=\"elementor-element elementor-element-fa592a6 elementor-widget elementor-widget-button\" data-id=\"fa592a6\" data-element_type=\"widget\" data-e-type=\"widget\" data-widget_type=\"button.default\">\n\t\t\t\t<div class=\"elementor-widget-container\">\n\t\t\t\t\t\t\t\t\t<div class=\"elementor-button-wrapper\">\n\t\t\t\t\t<a class=\"elementor-button elementor-button-link elementor-size-sm elementor-animation-shrink\" href=\"https:\/\/martinsbikeschule.com\/en\/?page_id=253\">\n\t\t\t\t\t\t<span class=\"elementor-button-content-wrapper\">\n\t\t\t\t\t\t<span class=\"elementor-button-icon\">\n\t\t\t\t<i aria-hidden=\"true\" class=\"fas fa-angle-right\"><\/i>\t\t\t<\/span>\n\t\t\t\t\t\t\t\t\t<span class=\"elementor-button-text\">Anfrage stellen<\/span>\n\t\t\t\t\t<\/span>\n\t\t\t\t\t<\/a>\n\t\t\t\t<\/div>\n\t\t\t\t\t\t\t\t<\/div>\n\t\t\t\t<\/div>\n\t\t\t\t\t<\/div>\n\t\t<\/div>\n\t\t\t\t\t<\/div>\n\t\t<\/section>\n\t\t\t\t<\/div>","protected":false},"excerpt":{"rendered":"<p>Notfallmanagement Im Mittelpunkt dieses Kurses stehen Erste Hilfe Ma\u00dfnahmen f\u00fcr g\u00e4ngige Verletzungen beim Mountainbiken jeglicher Form. Egal, ob Du dabei gem\u00fctlich auf Asphalt und Forstwegen, auf steilen und anstrengenden Bergpfaden [&hellip;]<\/p>\n","protected":false},"author":1,"featured_media":0,"parent":33,"menu_order":0,"comment_status":"closed","ping_status":"closed","template":"","meta":{"_monsterinsights_skip_tracking":false,"_monsterinsights_sitenote_active":false,"_monsterinsights_sitenote_note":"","_monsterinsights_sitenote_category":0,"site-sidebar-layout":"no-sidebar","site-content-layout":"page-builder","ast-site-content-layout":"default","site-content-style":"default","site-sidebar-style":"default","ast-global-header-display":"","ast-banner-title-visibility":"","ast-main-header-display":"","ast-hfb-above-header-display":"","ast-hfb-below-header-display":"","ast-hfb-mobile-header-display":"","site-post-title":"disabled","ast-breadcrumbs-content":"","ast-featured-img":"disabled","footer-sml-layout":"","ast-disable-related-posts":"","theme-transparent-header-meta":"default","adv-header-id-meta":"","stick-header-meta":"","header-above-stick-meta":"","header-main-stick-meta":"","header-below-stick-meta":"","astra-migrate-meta-layouts":"default","ast-page-background-enabled":"default","ast-page-background-meta":{"desktop":{"background-color":"var(--ast-global-color-4)","background-image":"","background-repeat":"repeat","background-position":"center center","background-size":"auto","background-attachment":"scroll","background-type":"","background-media":"","overlay-type":"","overlay-color":"","overlay-opacity":"","overlay-gradient":""},"tablet":{"background-color":"","background-image":"","background-repeat":"repeat","background-position":"center center","background-size":"auto","background-attachment":"scroll","background-type":"","background-media":"","overlay-type":"","overlay-color":"","overlay-opacity":"","overlay-gradient":""},"mobile":{"background-color":"","background-image":"","background-repeat":"repeat","background-position":"center center","background-size":"auto","background-attachment":"scroll","background-type":"","background-media":"","overlay-type":"","overlay-color":"","overlay-opacity":"","overlay-gradient":""}},"ast-content-background-meta":{"desktop":{"background-color":"var(--ast-global-color-5)","background-image":"","background-repeat":"repeat","background-position":"center center","background-size":"auto","background-attachment":"scroll","background-type":"","background-media":"","overlay-type":"","overlay-color":"","overlay-opacity":"","overlay-gradient":""},"tablet":{"background-color":"var(--ast-global-color-5)","background-image":"","background-repeat":"repeat","background-position":"center center","background-size":"auto","background-attachment":"scroll","background-type":"","background-media":"","overlay-type":"","overlay-color":"","overlay-opacity":"","overlay-gradient":""},"mobile":{"background-color":"var(--ast-global-color-5)","background-image":"","background-repeat":"repeat","background-position":"center center","background-size":"auto","background-attachment":"scroll","background-type":"","background-media":"","overlay-type":"","overlay-color":"","overlay-opacity":"","overlay-gradient":""}},"_price":"","_stock":"","_tribe_ticket_header":"","_tribe_default_ticket_provider":"","_tribe_ticket_capacity":"0","_ticket_start_date":"","_ticket_end_date":"","_tribe_ticket_show_description":"","_tribe_ticket_show_not_going":false,"_tribe_ticket_use_global_stock":"","_tribe_ticket_global_stock_level":"","_global_stock_mode":"","_global_stock_cap":"","_tribe_rsvp_for_event":"","_tribe_ticket_going_count":"","_tribe_ticket_not_going_count":"","_tribe_tickets_list":"[]","_tribe_ticket_has_attendee_info_fields":false,"footnotes":"","_tec_slr_enabled":"","_tec_slr_layout":""},"class_list":["post-380","page","type-page","status-publish","hentry"],"ticketed":false,"_links":{"self":[{"href":"https:\/\/martinsbikeschule.com\/en\/wp-json\/wp\/v2\/pages\/380","targetHints":{"allow":["GET"]}}],"collection":[{"href":"https:\/\/martinsbikeschule.com\/en\/wp-json\/wp\/v2\/pages"}],"about":[{"href":"https:\/\/martinsbikeschule.com\/en\/wp-json\/wp\/v2\/types\/page"}],"author":[{"embeddable":true,"href":"https:\/\/martinsbikeschule.com\/en\/wp-json\/wp\/v2\/users\/1"}],"replies":[{"embeddable":true,"href":"https:\/\/martinsbikeschule.com\/en\/wp-json\/wp\/v2\/comments?post=380"}],"version-history":[{"count":38,"href":"https:\/\/martinsbikeschule.com\/en\/wp-json\/wp\/v2\/pages\/380\/revisions"}],"predecessor-version":[{"id":1386,"href":"https:\/\/martinsbikeschule.com\/en\/wp-json\/wp\/v2\/pages\/380\/revisions\/1386"}],"up":[{"embeddable":true,"href":"https:\/\/martinsbikeschule.com\/en\/wp-json\/wp\/v2\/pages\/33"}],"wp:attachment":[{"href":"https:\/\/martinsbikeschule.com\/en\/wp-json\/wp\/v2\/media?parent=380"}],"curies":[{"name":"wp","href":"https:\/\/api.w.org\/{rel}","templated":true}]}}